{"id":1413,"date":"2018-12-18T22:43:55","date_gmt":"2018-12-18T21:43:55","guid":{"rendered":"http:\/\/www.alfieriasticalcio.com\/?page_id=1413"},"modified":"2020-12-12T18:19:06","modified_gmt":"2020-12-12T17:19:06","slug":"codice-etico","status":"publish","type":"page","link":"https:\/\/www.asdasti.it\/index.php\/codice-etico\/","title":{"rendered":"Codice Etico"},"content":{"rendered":"<div id=\"fb-root\"><\/div>\n<p align=\"center\">\n<p align=\"center\"><span style=\"font-size: medium;\"><b>PATTO DI CORRESPONSABILITA\u2019<\/b><\/span><\/p>\n<p align=\"center\"><span style=\"font-size: medium;\"><b>IL CODICE ETICO<\/b><\/span><\/p>\n<p align=\"center\"><span style=\"font-size: medium;\"><b>Il significato e l\u2019importanza<\/b><\/span><\/p>\n<p align=\"justify\"><span style=\"font-size: medium;\">Il Codice Etico dell\u2019A.S.D. ASTI reca norme sostanziali e comportamentali che dovranno essere rispettate da tutti quelli che operano in seno alla Societ\u00e0 nell\u2019ambito delle rispettive competenze e riguardo alla posizione operativa ricoperta.<\/span><\/p>\n<p align=\"justify\"><span style=\"font-size: medium;\">L\u2019adozione del presente Codice Etico \u00e8 espressione della volont\u00e0 della Societ\u00e0 di promuovere, nell\u2019esercizio di tutte le sue funzioni, uno standard elevato di professionalit\u00e0 nello svolgimento delle prestazioni sportive e di tutte le attivit\u00e0 riconducibili alla Societ\u00e0 e a vietare quei comportamenti in contrasto non solo con le normative di volta in volta rilevanti ma anche con i valori etici che la Societ\u00e0 intende promuovere e garantire.<\/span><\/p>\n<p align=\"justify\"><span style=\"font-size: medium;\">Il Codice Etico in particolare specifica i fondamentali doveri di lealt\u00e0, onest\u00e0, correttezza e diligenza previsti per tutti i protagonisti della vita associativa.<\/span><\/p>\n<p align=\"center\"><span style=\"font-size: medium;\"><b>Destinatari del Codice Etico<\/b><\/span><\/p>\n<p align=\"justify\"><span style=\"font-size: medium;\">Sono i destinatari del Codice Etico, obbligati a osservare i principi in esso contenuti: gli associati, i dirigenti, i calciatori, i genitori dei calciatori, il personale tecnico tesserato, i collaboratori, anche occasionali, della Societ\u00e0. <\/span><\/p>\n<p align=\"justify\"><span style=\"font-size: medium;\">Sono altres\u00ec, destinatari obbligati del Codice: i consulenti, i fornitori, i partner delle iniziative promozionali della Societ\u00e0 e chiunque svolga attivit\u00e0 in nome e per conto della Societ\u00e0 o sotto il controllo della stessa.<\/span><\/p>\n<p align=\"justify\"><span style=\"font-size: medium;\">Il Codice Etico sar\u00e0 consegnato a tutti i soggetti interessati, sar\u00e0 affisso negli spazi comunitari degli impianti e disponibile sul sito internet della Societ\u00e0. <\/span><\/p>\n<p align=\"center\"><span style=\"font-size: medium;\"><b>Efficacia<\/b><\/span><\/p>\n<p align=\"justify\"><span style=\"font-size: medium;\">Copia del presente Codice Etico \u00e8 portata a conoscenza di tutti i soggetti operanti in Societ\u00e0, indipendentemente dalla qualifica, richiedendone il necessario rispetto.<\/span><\/p>\n<p align=\"justify\"><span style=\"font-size: medium;\">La sottoscrizione del presente Codice Etico obbliga i soggetti operanti in Societ\u00e0 a condividerne i principi, gli scopi e le finalit\u00e0, ad osservare tutte le disposizioni in esso contenute, a contribuire alla loro applicazione, nonch\u00e9 ad assumersi le responsabilit\u00e0 conseguenti alla loro violazione, che costituisce grave inadempienza ed \u00e8 meritevole delle sanzioni disciplinari all\u2019uopo previste dalla Societ\u00e0.<\/span><\/p>\n<p align=\"justify\"><span style=\"font-size: medium;\">La non conoscenza del Codice Etico non pu\u00f2 essere invocata a nessun effetto.<\/span><\/p>\n<p align=\"justify\"><span style=\"font-size: medium;\">Rispetto dell\u2019ordinamento sportivo e della politica societaria.<\/span><\/p>\n<p align=\"justify\"><span style=\"font-size: medium;\">La Societ\u00e0 deve operare nel pieno rispetto dell\u2019ordinamento giuridico e sportivo vigente ed uniformare le proprie azioni e comportamenti ai principi di lealt\u00e0, onest\u00e0, correttezza e trasparenza in ogni aspetto riferibile alla propria attivit\u00e0.<\/span><\/p>\n<p align=\"justify\"><span style=\"font-size: medium;\">In particolar modo i destinatari indicati, cio\u00e8 i soggetti operanti in Societ\u00e0, devono astenersi dal compiere atti finalizzati ad alterare lo svolgimento o il risultato delle competizioni sportive e, qualora ne vengano a conoscenza, devono provvedere ad informare tempestivamente gli Organi della F.I.G.C.<\/span><\/p>\n<p align=\"justify\"><span style=\"font-size: medium;\">La Societ\u00e0 \u00e8 impegnata per la lotta all\u2019illecito sportivo e obbliga pertanto le persone che operano nel suo nome ad adoperarsi affinch\u00e9 tali fenomeni non accadano.<\/span><\/p>\n<p align=\"justify\"><span style=\"font-size: medium;\">La Societ\u00e0 si impegna ad adottare tutte le misure necessarie dirette a facilitare la conoscenza e l\u2019applicazione di tutte le norme contenute nel presente Codice Etico, prevedendo altres\u00ec l\u2019irrogazione di sanzioni disciplinari nel caso di mancato rispetto delle stesse.<\/span><\/p>\n<p align=\"justify\"><span style=\"font-size: medium;\">Nell\u2019ambito della propria sfera di influenza la Societ\u00e0 si impegna a sostenere iniziative mirate alla promozione di azioni volte a prevenire il rischio di comportamenti non etici ed a cooperare attivamente alla ordinata e civile convivenza sportiva.<\/span><\/p>\n<p align=\"justify\"><span style=\"font-size: medium;\">Tutte le attivit\u00e0 della Societ\u00e0 dal punto di vista gestionale devono essere ispirate alla massima correttezza, trasparenza e legittimit\u00e0 formale e sostanziale.<\/span><\/p>\n<p align=\"justify\"><span style=\"font-size: medium;\">La convinzione di agire a vantaggio dei valori sportivi non giustifica in alcun modo l\u2019adozione di comportamenti in contrasto con i principi di cui al presente Codice Etico.<\/span><\/p>\n<p align=\"justify\"><span style=\"font-size: medium;\">La Societ\u00e0 si impegna a non intrattenere alcun rapporto con soggetti che non operino nel rispetto delle norme e dei principi espressi nel presente Codice Etico.<\/span><\/p>\n<p align=\"center\"><span style=\"font-size: medium;\"><b>Doveri dell\u2019Associazione Sportiva Dilettantistica ASTI<\/b><\/span><\/p>\n<p align=\"justify\"><span style=\"font-size: medium;\">In particolare la Societ\u00e0 si impegna:<\/span><\/p>\n<ol>\n<li>\n<p align=\"justify\"><span style=\"font-size: medium;\">a promuovere azioni volte a diffondere una sana cultura sportiva nella condivisione delle insite finalit\u00e0 educative, formative e sociali<\/span><\/p>\n<\/li>\n<li>\n<p align=\"justify\"><span style=\"font-size: medium;\">a sostenere iniziative rivolte alla diffusione dello sport per tutti, ad ogni livello, per qualunque categoria valorizzandone i principi etici, umani ed il fair play anche attraverso campagne di comunicazione, diffusione di materiale educativo e opportunit\u00e0 formative<\/span><\/p>\n<\/li>\n<li>\n<p align=\"justify\"><span style=\"font-size: medium;\">ad astenersi da qualsiasi condotta atta ad arrecare pregiudizio alla salute degli atleti, con particolare riferimento ai bambini e giovani, garantendo che la salute, la sicurezza ed il benessere psico-fisico assumano un ruolo primario<\/span><\/p>\n<\/li>\n<li>\n<p align=\"justify\"><span style=\"font-size: medium;\">ad evitare comportamenti che in qualsiasi modo determinino o possano determinare incitamento alla violenza o ne costituiscano apologia<\/span><\/p>\n<\/li>\n<li>\n<p align=\"justify\"><span style=\"font-size: medium;\">a promuovere un tifo leale e responsabile<\/span><\/p>\n<\/li>\n<li>\n<p align=\"justify\"><span style=\"font-size: medium;\">a non premiare alcun comportamento sleale<\/span><\/p>\n<\/li>\n<\/ol>\n<p align=\"center\"><span style=\"font-size: medium;\"><b>Il Settore Giovanile<\/b><\/span><\/p>\n<p align=\"justify\"><span style=\"font-size: medium;\">Costituiscono, in particolare, obiettivi della Societ\u00e0 attraverso tutte le funzioni specificatamente affidate alla cura del settore giovanile:<\/span><\/p>\n<ol>\n<li>\n<p align=\"justify\"><span style=\"font-size: medium;\">sostenere iniziative rivolte alla diffusione dello sport tra i giovani<\/span><\/p>\n<\/li>\n<li>\n<p align=\"justify\"><span style=\"font-size: medium;\">garantire che la salute, la sicurezza ed il benessere dei bambini e giovani atleti costituiscano obiettivo primario rispetto al successo sportivo o a qualsiasi altra considerazione<\/span><\/p>\n<\/li>\n<li>\n<p align=\"justify\"><span style=\"font-size: medium;\">garantire il rispetto delle esigenze e bisogni particolari dei giovani e dei bambini in crescita consentendo processi graduali di partecipazione, dal livello ludico di base a quello agonistico<\/span><\/p>\n<\/li>\n<li>\n<p align=\"justify\"><span style=\"font-size: medium;\">assicurare il rispetto delle esigenze di istruzione scolastica<\/span><\/p>\n<\/li>\n<li>\n<p align=\"justify\"><span style=\"font-size: medium;\">garantire che tutti i soggetti con responsabilit\u00e0 verso i bambini e giovani siano ben qualificati per guidare, formare, educare ed allenare in funzione dei diversi livelli di impegno sportivo<\/span><\/p>\n<\/li>\n<li>\n<p align=\"justify\"><span style=\"font-size: medium;\">garantire la necessaria vigilanza sui giovani e giovanissimi assicurando che le relazioni con gli stessi si svolgano in modo ineccepibile sotto il profilo della correttezza morale<\/span><\/p>\n<\/li>\n<\/ol>\n<p align=\"center\"><span style=\"font-size: medium;\"><b>Regole di comportamento<\/b><\/span><\/p>\n<p align=\"justify\"><span style=\"font-size: medium;\">Chiunque operi in seno alla Societ\u00e0 deve essere a conoscenza delle normative vigenti che disciplinano e regolamentano l\u2019espletamento delle proprie funzioni e dei conseguenti comportamenti.<\/span><\/p>\n<p align=\"justify\"><span style=\"font-size: medium;\">Tutte le attivit\u00e0 devono essere svolte con impegno, rigore morale, trasparenza e correttezza anche alfine di tutelare l\u2019immagine stessa della Societ\u00e0. <\/span><\/p>\n<p align=\"justify\"><span style=\"font-size: medium;\">Tutti, nell\u2019ambito delle specifiche attivit\u00e0, devono uniformare la propria condotta al pieno rispetto dei principi di lealt\u00e0, onest\u00e0, imparzialit\u00e0, integrit\u00e0 morale evitando comportamenti atti ad incidere negativamente sui rapporti interni che devono essere improntati all\u2019osservanza dei principi di civile convivenza nel rispetto reciproco e garantendo il rispetto dei diritti e delle libert\u00e0 delle persone.<\/span><\/p>\n<p align=\"justify\"><span style=\"font-size: medium;\">Dovr\u00e0 inoltre essere garantito il segreto di ufficio nelle attivit\u00e0 di propria competenza. <\/span><\/p>\n<p align=\"justify\"><span style=\"font-size: medium;\">I responsabili delle singole attivit\u00e0 non devono abusare del ruolo rivestito all\u2019interno dell\u2019organizzazione, rispettare i propri collaboratori e favorirne la crescita professionale nonch\u00e9 lo sviluppo delle potenzialit\u00e0.<\/span><\/p>\n<p align=\"justify\"><span style=\"font-size: medium;\">Nessuno pu\u00f2 procurarsi vantaggi personali in relazione alla attivit\u00e0 esercitata.<\/span><\/p>\n<p align=\"justify\"><span style=\"font-size: medium;\">Tutti nell\u2019esercizio delle attivit\u00e0 e funzioni affidate devono operare con imparzialit\u00e0 evitando trattamenti di favore o disparit\u00e0 di trattamento nei confronti di tutti i soggetti che, a vario titolo, hanno rapporti con la Societ\u00e0.<\/span><\/p>\n<p align=\"justify\"><span style=\"font-size: medium;\">\u00c8 vietato rilasciare dichiarazioni o esprimere giudizi che possano in qualsiasi modo ledere l\u2019immagine della Societ\u00e0 o essere lesivi della reputazione di altre persone, enti o Associazioni.<\/span><\/p>\n<p align=\"center\"><span style=\"font-size: medium;\"><b>Gli Atleti<\/b><\/span><\/p>\n<p align=\"justify\"><span style=\"font-size: medium;\">Tutti gli atleti devono perseguire il risultato sportivo ed il proprio successo personale nel rispetto dei principi previsti dal presente Codice Etico. Gli atleti in particolare devono osservare il principio di solidariet\u00e0 considerando quindi pi\u00f9 importante il rispetto dei valori sportivi rispetto al perseguimento del proprio successo.<\/span><\/p>\n<p align=\"justify\"><span style=\"font-size: medium;\">Nella consapevolezza che il loro comportamento contribuisce a mantenere alto il valore dello sport gli atleti devono impegnarsi:<\/span><\/p>\n<ol>\n<li>\n<p align=\"justify\"><span style=\"font-size: medium;\">a tenere un comportamento esemplare<\/span><\/p>\n<\/li>\n<li>\n<p align=\"justify\"><span style=\"font-size: medium;\">ad onorare lo sport e le sue regole attraverso la competizione corretta, impegnandosi sempre al meglio delle loro possibilit\u00e0 e delle loro condizioni psicofisiche comportandosi sempre e comunque secondo i principi di lealt\u00e0 e correttezza<\/span><\/p>\n<\/li>\n<li>\n<p align=\"justify\"><span style=\"font-size: medium;\">a rifiutare ogni forma di doping<\/span><\/p>\n<\/li>\n<li>\n<p align=\"justify\"><span style=\"font-size: medium;\">ad astenersi dal compiere, con qualsiasi mezzo, atti diretti ad alterare artificiosamente lo svolgimento o il risultato di una gara<\/span><\/p>\n<\/li>\n<li>\n<p align=\"justify\"><span style=\"font-size: medium;\">a denunciare senza indugio agli Organi della F.I.G.C. qualsiasi comportamento o situazione di cui si \u00e8 venuti conoscenza volto ad alterare artificiosamente lo svolgimento o il risultato di un gara<\/span><\/p>\n<\/li>\n<li>\n<p align=\"justify\"><span style=\"font-size: medium;\">ad astenersi da qualsiasi condotta suscettibile di ledere l\u2019integrit\u00e0 fisica e\/o morale degli avversari<\/span><\/p>\n<\/li>\n<li>\n<p align=\"justify\"><span style=\"font-size: medium;\">a rispettare gli stessi, i loro staff tecnici e dirigenziali<\/span><\/p>\n<\/li>\n<li>\n<p align=\"justify\"><span style=\"font-size: medium;\">a rispettare gli ufficiali e giudici di gara nella certezza che ogni decisione \u00e8 presa in buona fede ed obiettivamente<\/span><\/p>\n<\/li>\n<li>\n<p align=\"justify\"><span style=\"font-size: medium;\">ad adottare iniziative positive e\/o comportamenti atti a sensibilizzare il pubblico delle manifestazioni sportive al rispetto degli atleti, delle squadre avversarie e dei relativi sostenitori<\/span><\/p>\n<\/li>\n<li>\n<p align=\"justify\"><span style=\"font-size: medium;\">ad astenersi dall\u2019esprimere pubblicamente giudizi lesivi della reputazione dell\u2019immagine e dignit\u00e0 personale di altre persone o organismi operanti nell\u2019ordinamento sportivo<\/span><\/p>\n<\/li>\n<li>\n<p align=\"justify\"><span style=\"font-size: medium;\">a rendersi disponibili a partecipare ad ogni iniziativa societaria volta alla promozione dello sport, dei suoi valori e principi etici, o comunque con finalit\u00e0 di carattere sociale ed educativo<\/span><\/p>\n<\/li>\n<li>\n<p align=\"justify\"><span style=\"font-size: medium;\">a rispettare, sostenere ed aiutare i propri compagni di squadra e le scelte degli allenatori in ogni circostanza fuori e dentro il campo<\/span><\/p>\n<\/li>\n<li>\n<p align=\"justify\"><span style=\"font-size: medium;\">ad onorare gli impegni, gli orari e le regole propri della Societ\u00e0<\/span><\/p>\n<\/li>\n<li>\n<p align=\"justify\"><span style=\"font-size: medium;\">ad avere cura del materiale tecnico, degli attrezzi e delle strutture di gioco<\/span><\/p>\n<\/li>\n<\/ol>\n<p align=\"justify\"><span style=\"font-size: medium;\">L\u2019impegno scolastico riveste un\u2019importanza fondamentale nell\u2019attivit\u00e0 di ogni ragazzo, ma anche la presenza costante agli allenamenti rappresenta un impegno assunto la cui inadempienza compromette anche l\u2019attivit\u00e0 di altre persone. Ogni atleta \u00e8 pertanto invitato ad organizzare il proprio tempo in modo tale da non compromettere n\u00e9 l\u2019impegno scolastico, n\u00e9 l\u2019attivit\u00e0 sportiva.<\/span><\/p>\n<p align=\"center\"><span style=\"font-size: medium;\"><b>I Tecnici<\/b><\/span><\/p>\n<p align=\"justify\"><span style=\"font-size: medium;\">I tecnici devono trasmettere ai propri giocatori valori come rispetto, sportivit\u00e0, civilt\u00e0 ed integrit\u00e0 <\/span><\/p>\n<p align=\"justify\"><span style=\"font-size: medium;\">che vanno al di l\u00e0 del singolo risultato sportivo e che sono il fondamento stesso dello sport.<\/span><\/p>\n<p align=\"justify\"><span style=\"font-size: medium;\">Chi intraprende l\u2019attivit\u00e0 di tecnico, sia professionalmente che a livello volontario, deve essere portatore di questi valori e rappresentare un esempio per i propri atleti.<\/span><\/p>\n<p align=\"justify\"><span style=\"font-size: medium;\">Il comportamento degli allenatori, dunque, deve essere sempre eticamente corretto nei confronti di tutte le componenti: atleti, atlete, colleghi, arbitri, dirigenti, genitori, tifosi e mezzi di informazione<\/span><\/p>\n<p align=\"justify\"><span style=\"font-size: medium;\">I tecnici sono presi ad esempio dai giovani come modelli di comportamento e devono comprendere la pesante influenza che parole ed atteggiamenti hanno nei confronti degli atleti che compongono la loro squadra.<\/span><\/p>\n<p align=\"justify\"><span style=\"font-size: medium;\">Per questa ragione i tecnici devono considerare come propria responsabilit\u00e0 la trasmissione dei suddetti valori morali impegnandosi al rispetto dei seguenti principi:<\/span><\/p>\n<ol>\n<li>\n<p align=\"justify\"><span style=\"font-size: medium;\">promuovere lo sport e le sue regole esaltandone i valori etici, umani ed il fair play<\/span><\/p>\n<\/li>\n<li>\n<p align=\"justify\"><span style=\"font-size: medium;\">tenere un comportamento esemplare, comportandosi secondo i principi di lealt\u00e0 e correttezza, che costituisca un modello positivo per tutti gli atleti; non premiare comportamenti sleali ne adottarli personalmente<\/span><\/p>\n<\/li>\n<li>\n<p align=\"justify\"><span style=\"font-size: medium;\">non compiere in alcun modo atti diretti ad alterare artificiosamente lo svolgimento o il risultato di una gara o ad assicurare a chiunque un indebito vantaggio<\/span><\/p>\n<\/li>\n<li>\n<p align=\"justify\"><span style=\"font-size: medium;\">denunciare senza indugio agli Organi della F.I.G.C. qualsiasi comportamento o situazione di cui si \u00e8 venuti conoscenza volto ad alterare artificiosamente lo svolgimento o il risultato di un gara<\/span><\/p>\n<\/li>\n<li>\n<p align=\"justify\"><span style=\"font-size: medium;\">astenersi da qualsiasi condotta suscettibile di ledere l\u2019integrit\u00e0 fisica e\/o morale dell\u2019avversario<\/span><\/p>\n<\/li>\n<li>\n<p align=\"justify\"><span style=\"font-size: medium;\">rispettare gli ufficiali e giudici di gara nella certezza che ogni decisione \u00e8 presa in buona fede ed obiettivamente; segnalare agli organi societari preposti ogni situazione di conflitto di interessi anche solo apparente<\/span><\/p>\n<\/li>\n<li>\n<p align=\"justify\"><span style=\"font-size: medium;\">sostenere e partecipare ad ogni iniziativa societaria volta alla promozione dello sport, dei suoi valori e principi etici, o comunque con finalit\u00e0 di carattere sociale ed educativo<\/span><\/p>\n<\/li>\n<\/ol>\n<p align=\"justify\"><span style=\"font-size: medium;\">In particolare per il settore giovanile i tecnici si impegnano a:<\/span><\/p>\n<ol>\n<li>\n<p align=\"justify\"><span style=\"font-size: medium;\">garantire, anche attraverso costante aggiornamento, che la propria preparazione sia adatta ai bisogni dei giovani ed in particolari dei bambini in funzione dei diversi livelli di impegno sportivo; <\/span><\/p>\n<\/li>\n<li>\n<p align=\"justify\"><span style=\"font-size: medium;\">evitare atteggiamenti vessatori o esageratamente punitivi<\/span><\/p>\n<\/li>\n<li>\n<p align=\"justify\"><span style=\"font-size: medium;\">evitare di suscitare nei giovani, e bambini in particolare, aspettative sproporzionate alle proprie effettive potenzialit\u00e0<\/span><\/p>\n<\/li>\n<li>\n<p align=\"justify\"><span style=\"font-size: medium;\">dedicare eguale attenzione ed interesse a tutti i bambini indipendentemente dalle potenzialit\u00e0 individuali<\/span><\/p>\n<\/li>\n<li>\n<p align=\"justify\"><span style=\"font-size: medium;\">procedere, nella formazione delle squadre giovanili, alla selezione degli atleti tenuto conto non soltanto dei risultati sportivi e\/o della condizione fisica bens\u00ec anche dell\u2019impegno dimostrato, della condotta tenuta, del rispetto delle regole e delle persone<\/span><\/p>\n<\/li>\n<\/ol>\n<p align=\"center\"><span style=\"font-size: medium;\"><b>I Genitori<\/b><\/span><\/p>\n<p align=\"justify\"><span style=\"font-size: medium;\">I genitori, nella condivisione degli obiettivi che la Societ\u00e0 si prefigge attraverso l\u2019adozione del <\/span><\/p>\n<p align=\"justify\"><span style=\"font-size: medium;\">presente Codice Etico, in considerazione del loro ruolo di educatori e primi insegnanti delle regole di comportamento, nell\u2019ottica di una crescita dei loro figli in un ambiente sano nel segno di una autentica cultura dello sport e dei suoi valori etici, in particolare si impegnano a:<\/span><\/p>\n<ol>\n<li>\n<p align=\"justify\"><span style=\"font-size: medium;\">far vivere ai giovani atleti, ed in particolare ai bambini, un\u2019esperienza sportiva che li educhi ad una sana attivit\u00e0 fisico-motoria anteponendo la salute ed il benessere psico-fisico ad ogni altra considerazione<\/span><\/p>\n<\/li>\n<li>\n<p align=\"justify\"><span style=\"font-size: medium;\">favorire nei processi educativi la cultura del fair play e della solidariet\u00e0 nello sport<\/span><\/p>\n<\/li>\n<li>\n<p align=\"justify\"><span style=\"font-size: medium;\">evitare di suscitare e\/o alimentare aspettative sproporzionate alle loro possibilit\u00e0<\/span><\/p>\n<\/li>\n<li>\n<p align=\"justify\"><span style=\"font-size: medium;\">promuovere un\u2019esperienza sportiva che sappia valorizzare le potenzialit\u00e0 dei propri figli nel rispetto delle loro esigenze primarie e dei loro bisogni particolari, propri dei naturali processi di crescita, evitando ogni forma di pressione anche psicologica e favorendo un equilibrato ed armonico sviluppo delle abilit\u00e0 psico-motorie<\/span><\/p>\n<\/li>\n<li>\n<p align=\"justify\"><span style=\"font-size: medium;\">mettere in risalto il piacere e la soddisfazione di praticare sport e a non esercitare pressioni indebite o contrarie al diritto del giovane e\/o bambino di scegliere liberamente sulla sua partecipazione;<\/span><\/p>\n<\/li>\n<li>\n<p align=\"justify\"><span style=\"font-size: medium;\">assumere, durante lo svolgimento delle competizioni, atteggiamenti e comportamenti coerenti con i principi del presente Codice Etico<\/span><\/p>\n<\/li>\n<\/ol>\n<p align=\"center\"><span style=\"font-size: medium;\"><b>Regolamenti Organizzativi e Regole Comportamentali<\/b><\/span><\/p>\n<p align=\"justify\"><span style=\"font-size: medium;\">La Societ\u00e0 si impegna a redigere, per ogni ambito di attivit\u00e0 e figura dell\u2019Associazione, Regolamenti Organizzativi e Regole Comportamentali di dettaglio, atti a definire le modalit\u00e0 di corretta conduzione degli incarichi assegnati e i comportamenti da attuare durante la permanenza nell\u2019organico della Societ\u00e0.<\/span><\/p>\n<p align=\"justify\">\n<p style=\"text-align: center;\" align=\"justify\"><a name=\"_GoBack\"><\/a><span style=\"font-size: large;\"><b>DIRITTI DEI BAMBINI E <\/b><\/span><span style=\"color: #ff0000;\"><span style=\"font-size: large;\"><b>DOVERI DI\u2026<\/b><\/span><\/span><\/p>\n<p><span style=\"font-size: large;\">Diritto di divertirsi e giocare: <\/span><span style=\"color: #ff0000;\"><span style=\"font-size: large;\"><b>Dovere dei Genitori<\/b><\/span><\/span><\/p>\n<p><span style=\"font-size: large;\">Diritto di fare sport: <\/span><span style=\"color: #ff0000;\"><span style=\"font-size: large;\"><b>Dovere dei Genitori<\/b><\/span><\/span><\/p>\n<p><span style=\"font-size: large;\">Diritto di avere i giusti tempi di riposo: <\/span><span style=\"color: #ff0000;\"><span style=\"font-size: large;\"><b>Dovere degli Allenatori<\/b><\/span><\/span><\/p>\n<p><span style=\"font-size: large;\">Diritto di beneficiare di un ambiente sano: <\/span><span style=\"color: #ff0000;\"><span style=\"font-size: large;\"><b>Dovere della Societ\u00e0 e Responsabili impianti<\/b><\/span><\/span><\/p>\n<p><span style=\"font-size: large;\">Diritto di praticare sport in assoluta sicurezza: <\/span><span style=\"color: #ff0000;\"><span style=\"font-size: large;\"><b>Dovere della Societ\u00e0 e Responsabili impianti<\/b><\/span><\/span><\/p>\n<p><span style=\"font-size: large;\">Diritto di essere circondato e preparato da personale qualificato: <\/span><span style=\"color: #ff0000;\"><span style=\"font-size: large;\"><b>Dovere della Societ\u00e0<\/b><\/span><\/span><\/p>\n<p><span style=\"font-size: large;\">Diritto di seguire allenamenti adeguati ai suoi ritmi: <\/span><span style=\"color: #ff0000;\"><span style=\"font-size: large;\"><b>Dovere degli Allenatori<\/b><\/span><\/span><\/p>\n<p><span style=\"font-size: large;\">Diritto di partecipare a competizioni adeguate alle varie et\u00e0: <\/span><span style=\"color: #ff0000;\"><span style=\"font-size: large;\"><b>Dovere della Societ\u00e0<\/b><\/span><\/span><\/p>\n<p><span style=\"font-size: large;\">Diritto di non essere un campione: <\/span><span style=\"color: #ff0000;\"><span style=\"font-size: large;\"><b>Dovere dei Genitori, degli Allenatori e della Societ\u00e0<\/b><\/span><\/span><\/p>\n<p align=\"center\">\n","protected":false},"excerpt":{"rendered":"<p>PATTO DI CORRESPONSABILITA\u2019 IL CODICE ETICO Il significato e l\u2019importanza Il Codice Etico dell\u2019A.S.D. ASTI reca norme sostanziali e comportamentali che dovranno essere rispettate da tutti quelli che operano in seno alla Societ\u00e0 nell\u2019ambito delle rispettive competenze e riguardo alla posizione operativa ricoperta. L\u2019adozione del presente Codice Etico \u00e8 espressione della volont\u00e0 della Societ\u00e0 di&#8230;<\/p>\n","protected":false},"author":3,"featured_media":0,"parent":0,"menu_order":0,"comment_status":"closed","ping_status":"closed","template":"template-full-width.php","meta":{"footnotes":""},"class_list":["post-1413","page","type-page","status-publish","hentry"],"_links":{"self":[{"href":"https:\/\/www.asdasti.it\/index.php\/wp-json\/wp\/v2\/pages\/1413","targetHints":{"allow":["GET"]}}],"collection":[{"href":"https:\/\/www.asdasti.it\/index.php\/wp-json\/wp\/v2\/pages"}],"about":[{"href":"https:\/\/www.asdasti.it\/index.php\/wp-json\/wp\/v2\/types\/page"}],"author":[{"embeddable":true,"href":"https:\/\/www.asdasti.it\/index.php\/wp-json\/wp\/v2\/users\/3"}],"replies":[{"embeddable":true,"href":"https:\/\/www.asdasti.it\/index.php\/wp-json\/wp\/v2\/comments?post=1413"}],"version-history":[{"count":5,"href":"https:\/\/www.asdasti.it\/index.php\/wp-json\/wp\/v2\/pages\/1413\/revisions"}],"predecessor-version":[{"id":4010,"href":"https:\/\/www.asdasti.it\/index.php\/wp-json\/wp\/v2\/pages\/1413\/revisions\/4010"}],"wp:attachment":[{"href":"https:\/\/www.asdasti.it\/index.php\/wp-json\/wp\/v2\/media?parent=1413"}],"curies":[{"name":"wp","href":"https:\/\/api.w.org\/{rel}","templated":true}]}}